{"id":17,"date":"2022-12-02T16:01:56","date_gmt":"2022-12-02T16:01:56","guid":{"rendered":"https:\/\/sitetecnologia.payshop.com.co\/?page_id=17"},"modified":"2025-07-09T03:57:23","modified_gmt":"2025-07-09T03:57:23","slug":"contacto","status":"publish","type":"page","link":"https:\/\/sitetecnologia.payshop.com.co\/?page_id=17","title":{"rendered":"Contacto"},"content":{"rendered":"<p>[et_pb_section fb_built=\u00bb1&#8243; admin_label=\u00bbMessage\u00bb _builder_version=\u00bb4.16&#8243; background_image=\u00bbhttps:\/\/sitetecnologia.payshop.com.co\/wp-content\/uploads\/sites\/50\/2022\/12\/ebook-41.png\u00bb min_height=\u00bb526.8px\u00bb da_disable_devices=\u00bboff|off|off\u00bb border_color_all=\u00bb#000000&#8243; border_width_right=\u00bb10px\u00bb global_colors_info=\u00bb{}\u00bb da_is_popup=\u00bboff\u00bb da_exit_intent=\u00bboff\u00bb da_has_close=\u00bbon\u00bb da_alt_close=\u00bboff\u00bb da_dark_close=\u00bboff\u00bb da_not_modal=\u00bbon\u00bb da_is_singular=\u00bboff\u00bb da_with_loader=\u00bboff\u00bb da_has_shadow=\u00bbon\u00bb][et_pb_row _builder_version=\u00bb4.16&#8243; _module_preset=\u00bbdefault\u00bb global_colors_info=\u00bb{}\u00bb][et_pb_column type=\u00bb4_4&#8243; _builder_version=\u00bb4.16&#8243; _module_preset=\u00bbdefault\u00bb global_colors_info=\u00bb{}\u00bb][\/et_pb_column][\/et_pb_row][et_pb_row column_structure=\u00bb1_2,1_2&#8243; _builder_version=\u00bb4.16&#8243; _module_preset=\u00bbdefault\u00bb global_colors_info=\u00bb{}\u00bb][et_pb_column type=\u00bb1_2&#8243; _builder_version=\u00bb4.16&#8243; _module_preset=\u00bbdefault\u00bb global_colors_info=\u00bb{}\u00bb][et_pb_image src=\u00bbhttps:\/\/sitetecnologia.payshop.com.co\/wp-content\/uploads\/sites\/50\/2023\/03\/business-coach-003.jpg\u00bb title_text=\u00bbbusiness-coach-003&#8243; _builder_version=\u00bb4.27.0&#8243; _module_preset=\u00bbdefault\u00bb global_colors_info=\u00bb{}\u00bb][\/et_pb_image][\/et_pb_column][et_pb_column type=\u00bb1_2&#8243; _builder_version=\u00bb4.16&#8243; _module_preset=\u00bbdefault\u00bb global_colors_info=\u00bb{}\u00bb][et_pb_text admin_label=\u00bbTitle\u00bb _builder_version=\u00bb4.27.0&#8243; text_font=\u00bbUbuntu||||||||\u00bb header_font=\u00bb||||||||\u00bb header_2_font=\u00bbMontserrat|700|||||||\u00bb header_2_font_size=\u00bb40px\u00bb header_2_line_height=\u00bb1.4em\u00bb max_width=\u00bb500px\u00bb module_alignment=\u00bbleft\u00bb custom_margin=\u00bb|0px|3px|2px|false|false\u00bb custom_padding=\u00bb||2px|81px|false|false\u00bb locked=\u00bboff\u00bb global_colors_info=\u00bb{}\u00bb]<\/p>\n<h2 style=\"text-align: justify\"><\/h2>\n<h2 style=\"text-align: justify\">Asesor\u00edas<\/h2>\n<p style=\"text-align: justify\">Las asesor\u00edas en soporte t\u00e9cnico de TI son valiosas para personas y empresas que necesitan solucionar problemas o mejorar el uso de sus sistemas inform\u00e1ticos.<\/p>\n<p style=\"text-align: justify\">Ofrecemos atenci\u00f3n personalizada. D\u00e9janos tus datos para brindarte m\u00e1s informaci\u00f3n sobre descuentos y promociones en equipos. Es fundamental conocer tus necesidades espec\u00edficas para ofrecerte la mejor experiencia.<\/p>\n<p style=\"text-align: justify\">Si tienes dificultades con tu tecnolog\u00eda o necesitas orientaci\u00f3n, un asesor de soporte t\u00e9cnico te guiar\u00e1 en la resoluci\u00f3n de problemas y en el aprovechamiento m\u00e1ximo de todas las funcionalidades de tus dispositivos.<\/p>\n<p>[\/et_pb_text][et_pb_text _builder_version=\u00bb4.27.0&#8243; _module_preset=\u00bbdefault\u00bb custom_margin=\u00bb|||81px|false|false\u00bb global_colors_info=\u00bb{}\u00bb][\/et_pb_text][\/et_pb_column][\/et_pb_row][\/et_pb_section][et_pb_section fb_built=\u00bb1&#8243; admin_label=\u00bbContact Section\u00bb _builder_version=\u00bb4.16&#8243; background_image=\u00bbhttps:\/\/sitetecnologia.payshop.com.co\/wp-content\/uploads\/sites\/50\/2023\/03\/section-background.jpg\u00bb custom_padding=\u00bb0px|0px|0px|0px\u00bb da_disable_devices=\u00bboff|off|off\u00bb box_shadow_style=\u00bbpreset7&#8243; box_shadow_horizontal=\u00bb0px\u00bb box_shadow_vertical=\u00bb80px\u00bb box_shadow_color=\u00bb#2a3443&#8243; global_colors_info=\u00bb{}\u00bb da_is_popup=\u00bboff\u00bb da_exit_intent=\u00bboff\u00bb da_has_close=\u00bbon\u00bb da_alt_close=\u00bboff\u00bb da_dark_close=\u00bboff\u00bb da_not_modal=\u00bbon\u00bb da_is_singular=\u00bboff\u00bb da_with_loader=\u00bboff\u00bb da_has_shadow=\u00bbon\u00bb][et_pb_row column_structure=\u00bb1_2,1_2&#8243; admin_label=\u00bbContact Row\u00bb module_class=\u00bb et_pb_row_fullwidth\u00bb _builder_version=\u00bb4.16&#8243; width=\u00bb100%\u00bb width_tablet=\u00bb100%\u00bb width_phone=\u00bb100%\u00bb width_last_edited=\u00bbon|desktop\u00bb max_width=\u00bb100%\u00bb max_width_tablet=\u00bb100%\u00bb max_width_phone=\u00bb100%\u00bb max_width_last_edited=\u00bbon|desktop\u00bb custom_padding=\u00bb0px||5px|||\u00bb make_fullwidth=\u00bbon\u00bb global_colors_info=\u00bb{}\u00bb][et_pb_column type=\u00bb1_2&#8243; _builder_version=\u00bb4.16&#8243; custom_padding=\u00bb140px|10%|60px|10%\u00bb global_colors_info=\u00bb{}\u00bb custom_padding__hover=\u00bb|||\u00bb][et_pb_text admin_label=\u00bbTitle\u00bb _builder_version=\u00bb4.16&#8243; text_font=\u00bbUbuntu||||||||\u00bb header_font=\u00bb||||||||\u00bb header_2_font=\u00bbMontserrat|700|||||||\u00bb header_2_font_size=\u00bb50px\u00bb header_2_line_height=\u00bb1.4em\u00bb max_width=\u00bb400px\u00bb module_alignment=\u00bbcenter\u00bb custom_margin=\u00bb|||\u00bb custom_padding=\u00bb|||\u00bb locked=\u00bboff\u00bb global_colors_info=\u00bb{}\u00bb]<\/p>\n<h2>\u00bfEn qu\u00e9 te podemos ayudar?<\/h2>\n<p>Ll\u00e1manos o d\u00e9janos tus datos y en lo m\u00e1s breve uno de nuestros asesores se pondr\u00e1 en contacto contigo.<\/p>\n<p>[\/et_pb_text][et_pb_blurb title=\u00bbCorreo el\u00e9ctronico\u00bb use_icon=\u00bbon\u00bb font_icon=\u00bb&#xe076;||divi||400&#8243; icon_color=\u00bb#FFFFFF\u00bb icon_placement=\u00bbleft\u00bb image_icon_width=\u00bb28px\u00bb content_max_width=\u00bb1100px\u00bb _builder_version=\u00bb4.27.0&#8243; header_font=\u00bbShare Tech||||||||\u00bb header_font_size=\u00bb24px\u00bb header_line_height=\u00bb1.2em\u00bb body_font=\u00bbOpen Sans||||||||\u00bb background_color=\u00bb#000000&#8243; background_layout=\u00bbdark\u00bb custom_margin=\u00bb53px||4px|0px|false|false\u00bb custom_padding=\u00bb8px|||29px|false|false\u00bb animation_style=\u00bbfold\u00bb animation_delay=\u00bb150ms\u00bb animation=\u00bboff\u00bb icon_font_size=\u00bb28px\u00bb locked=\u00bboff\u00bb global_colors_info=\u00bb{}\u00bb]<\/p>\n<p>contactenos@sitetecnologiasas.com<\/p>\n<p>[\/et_pb_blurb][et_pb_blurb title=\u00bbTel\u00e9fono\u00bb use_icon=\u00bbon\u00bb font_icon=\u00bb&#xe090;||divi||400&#8243; icon_color=\u00bb#FFFFFF\u00bb icon_placement=\u00bbleft\u00bb image_icon_width=\u00bb28px\u00bb content_max_width=\u00bb1100px\u00bb _builder_version=\u00bb4.16&#8243; header_font=\u00bbShare Tech||||||||\u00bb header_font_size=\u00bb24px\u00bb header_line_height=\u00bb1.2em\u00bb body_font=\u00bbOpen Sans||||||||\u00bb background_color=\u00bb#000000&#8243; background_layout=\u00bbdark\u00bb min_height=\u00bb43.6px\u00bb custom_margin=\u00bb14px|||-1px|false|false\u00bb custom_padding=\u00bb12px|||29px|false|false\u00bb animation_style=\u00bbfold\u00bb animation_delay=\u00bb150ms\u00bb animation=\u00bboff\u00bb icon_font_size=\u00bb28px\u00bb locked=\u00bboff\u00bb global_colors_info=\u00bb{}\u00bb]<\/p>\n<p>(305) 705-7788<\/p>\n<p>[\/et_pb_blurb][et_pb_blurb title=\u00bbsitetecnologiasas.com\u00bb url=\u00bbhttps:\/\/www.sitetecnologiasas.com\/\u00bb use_icon=\u00bbon\u00bb font_icon=\u00bb&#xe609;||divi||400&#8243; icon_color=\u00bb#FFFFFF\u00bb icon_placement=\u00bbleft\u00bb image_icon_width=\u00bb28px\u00bb content_max_width=\u00bb1100px\u00bb _builder_version=\u00bb4.27.0&#8243; header_font=\u00bbShare Tech||||||||\u00bb header_font_size=\u00bb24px\u00bb header_line_height=\u00bb1.2em\u00bb body_font=\u00bbOpen Sans||||||||\u00bb background_color=\u00bb#000000&#8243; background_layout=\u00bbdark\u00bb min_height=\u00bb43.6px\u00bb custom_margin=\u00bb14px|||-1px|false|false\u00bb custom_padding=\u00bb12px|||29px|false|false\u00bb animation_style=\u00bbfold\u00bb animation_delay=\u00bb150ms\u00bb animation=\u00bboff\u00bb icon_font_size=\u00bb28px\u00bb locked=\u00bboff\u00bb global_colors_info=\u00bb{}\u00bb][\/et_pb_blurb][\/et_pb_column][et_pb_column type=\u00bb1_2&#8243; _builder_version=\u00bb4.16&#8243; background_color=\u00bb#e2e2e2&#8243; custom_padding=\u00bb|||\u00bb global_colors_info=\u00bb{}\u00bb custom_padding__hover=\u00bb|||\u00bb][\/et_pb_column][\/et_pb_row][\/et_pb_section]<\/p>\n","protected":false},"excerpt":{"rendered":"<p>Asesor\u00edas Las asesor\u00edas en soporte t\u00e9cnico de TI son valiosas para personas y empresas que necesitan solucionar problemas o mejorar el uso de sus sistemas inform\u00e1ticos. Ofrecemos atenci\u00f3n personalizada. D\u00e9janos tus datos para brindarte m\u00e1s informaci\u00f3n sobre descuentos y promociones en equipos. Es fundamental conocer tus necesidades espec\u00edficas para ofrecerte la mejor experiencia. Si tienes [&hellip;]<\/p>\n","protected":false},"author":1,"featured_media":0,"parent":0,"menu_order":13,"comment_status":"closed","ping_status":"closed","template":"","meta":{"_et_pb_use_builder":"on","_et_pb_old_content":"<!-- wp:divi\/placeholder \/-->","_et_gb_content_width":"","content-type":"","_monsterinsights_skip_tracking":false,"_monsterinsights_sitenote_active":false,"_monsterinsights_sitenote_note":"","_monsterinsights_sitenote_category":0,"_joinchat":[],"footnotes":""},"class_list":["post-17","page","type-page","status-publish","hentry"],"yoast_head":"<!-- This site is optimized with the Yoast SEO plugin v27.0 - https:\/\/yoast.com\/product\/yoast-seo-wordpress\/ -->\n<title>Contacto - SITE TECNOLOGIA<\/title>\n<meta name=\"robots\" content=\"index, follow, max-snippet:-1, max-image-preview:large, max-video-preview:-1\" \/>\n<link rel=\"canonical\" href=\"https:\/\/sitetecnologia.payshop.com.co\/?page_id=17\" \/>\n<meta property=\"og:locale\" content=\"es_ES\" \/>\n<meta property=\"og:type\" content=\"article\" \/>\n<meta property=\"og:title\" content=\"Contacto - SITE TECNOLOGIA\" \/>\n<meta property=\"og:description\" content=\"Asesor\u00edas Las asesor\u00edas en soporte t\u00e9cnico de TI son valiosas para personas y empresas que necesitan solucionar problemas o mejorar el uso de sus sistemas inform\u00e1ticos. Ofrecemos atenci\u00f3n personalizada. D\u00e9janos tus datos para brindarte m\u00e1s informaci\u00f3n sobre descuentos y promociones en equipos. Es fundamental conocer tus necesidades espec\u00edficas para ofrecerte la mejor experiencia. Si tienes [&hellip;]\" \/>\n<meta property=\"og:url\" content=\"https:\/\/sitetecnologia.payshop.com.co\/?page_id=17\" \/>\n<meta property=\"og:site_name\" content=\"SITE TECNOLOGIA\" \/>\n<meta property=\"article:modified_time\" content=\"2025-07-09T03:57:23+00:00\" \/>\n<meta name=\"twitter:card\" content=\"summary_large_image\" \/>\n<meta name=\"twitter:label1\" content=\"Tiempo de lectura\" \/>\n\t<meta name=\"twitter:data1\" content=\"4 minutos\" \/>\n<script type=\"application\/ld+json\" class=\"yoast-schema-graph\">{\"@context\":\"https:\/\/schema.org\",\"@graph\":[{\"@type\":\"WebPage\",\"@id\":\"https:\/\/sitetecnologia.payshop.com.co\/?page_id=17\",\"url\":\"https:\/\/sitetecnologia.payshop.com.co\/?page_id=17\",\"name\":\"Contacto - SITE TECNOLOGIA\",\"isPartOf\":{\"@id\":\"https:\/\/sitetecnologia.payshop.com.co\/#website\"},\"datePublished\":\"2022-12-02T16:01:56+00:00\",\"dateModified\":\"2025-07-09T03:57:23+00:00\",\"breadcrumb\":{\"@id\":\"https:\/\/sitetecnologia.payshop.com.co\/?page_id=17#breadcrumb\"},\"inLanguage\":\"es\",\"potentialAction\":[{\"@type\":\"ReadAction\",\"target\":[\"https:\/\/sitetecnologia.payshop.com.co\/?page_id=17\"]}]},{\"@type\":\"BreadcrumbList\",\"@id\":\"https:\/\/sitetecnologia.payshop.com.co\/?page_id=17#breadcrumb\",\"itemListElement\":[{\"@type\":\"ListItem\",\"position\":1,\"name\":\"Portada\",\"item\":\"https:\/\/sitetecnologia.payshop.com.co\/\"},{\"@type\":\"ListItem\",\"position\":2,\"name\":\"Contacto\"}]},{\"@type\":\"WebSite\",\"@id\":\"https:\/\/sitetecnologia.payshop.com.co\/#website\",\"url\":\"https:\/\/sitetecnologia.payshop.com.co\/\",\"name\":\"SITE TECNOLOGIA\",\"description\":\"Tienda de tecnologia\",\"potentialAction\":[{\"@type\":\"SearchAction\",\"target\":{\"@type\":\"EntryPoint\",\"urlTemplate\":\"https:\/\/sitetecnologia.payshop.com.co\/?s={search_term_string}\"},\"query-input\":{\"@type\":\"PropertyValueSpecification\",\"valueRequired\":true,\"valueName\":\"search_term_string\"}}],\"inLanguage\":\"es\"}]}<\/script>\n<!-- \/ Yoast SEO plugin. -->","yoast_head_json":{"title":"Contacto - SITE TECNOLOGIA","robots":{"index":"index","follow":"follow","max-snippet":"max-snippet:-1","max-image-preview":"max-image-preview:large","max-video-preview":"max-video-preview:-1"},"canonical":"https:\/\/sitetecnologia.payshop.com.co\/?page_id=17","og_locale":"es_ES","og_type":"article","og_title":"Contacto - SITE TECNOLOGIA","og_description":"Asesor\u00edas Las asesor\u00edas en soporte t\u00e9cnico de TI son valiosas para personas y empresas que necesitan solucionar problemas o mejorar el uso de sus sistemas inform\u00e1ticos. Ofrecemos atenci\u00f3n personalizada. D\u00e9janos tus datos para brindarte m\u00e1s informaci\u00f3n sobre descuentos y promociones en equipos. Es fundamental conocer tus necesidades espec\u00edficas para ofrecerte la mejor experiencia. Si tienes [&hellip;]","og_url":"https:\/\/sitetecnologia.payshop.com.co\/?page_id=17","og_site_name":"SITE TECNOLOGIA","article_modified_time":"2025-07-09T03:57:23+00:00","twitter_card":"summary_large_image","twitter_misc":{"Tiempo de lectura":"4 minutos"},"schema":{"@context":"https:\/\/schema.org","@graph":[{"@type":"WebPage","@id":"https:\/\/sitetecnologia.payshop.com.co\/?page_id=17","url":"https:\/\/sitetecnologia.payshop.com.co\/?page_id=17","name":"Contacto - SITE TECNOLOGIA","isPartOf":{"@id":"https:\/\/sitetecnologia.payshop.com.co\/#website"},"datePublished":"2022-12-02T16:01:56+00:00","dateModified":"2025-07-09T03:57:23+00:00","breadcrumb":{"@id":"https:\/\/sitetecnologia.payshop.com.co\/?page_id=17#breadcrumb"},"inLanguage":"es","potentialAction":[{"@type":"ReadAction","target":["https:\/\/sitetecnologia.payshop.com.co\/?page_id=17"]}]},{"@type":"BreadcrumbList","@id":"https:\/\/sitetecnologia.payshop.com.co\/?page_id=17#breadcrumb","itemListElement":[{"@type":"ListItem","position":1,"name":"Portada","item":"https:\/\/sitetecnologia.payshop.com.co\/"},{"@type":"ListItem","position":2,"name":"Contacto"}]},{"@type":"WebSite","@id":"https:\/\/sitetecnologia.payshop.com.co\/#website","url":"https:\/\/sitetecnologia.payshop.com.co\/","name":"SITE TECNOLOGIA","description":"Tienda de tecnologia","potentialAction":[{"@type":"SearchAction","target":{"@type":"EntryPoint","urlTemplate":"https:\/\/sitetecnologia.payshop.com.co\/?s={search_term_string}"},"query-input":{"@type":"PropertyValueSpecification","valueRequired":true,"valueName":"search_term_string"}}],"inLanguage":"es"}]}},"_links":{"self":[{"href":"https:\/\/sitetecnologia.payshop.com.co\/index.php?rest_route=\/wp\/v2\/pages\/17","targetHints":{"allow":["GET"]}}],"collection":[{"href":"https:\/\/sitetecnologia.payshop.com.co\/index.php?rest_route=\/wp\/v2\/pages"}],"about":[{"href":"https:\/\/sitetecnologia.payshop.com.co\/index.php?rest_route=\/wp\/v2\/types\/page"}],"author":[{"embeddable":true,"href":"https:\/\/sitetecnologia.payshop.com.co\/index.php?rest_route=\/wp\/v2\/users\/1"}],"replies":[{"embeddable":true,"href":"https:\/\/sitetecnologia.payshop.com.co\/index.php?rest_route=%2Fwp%2Fv2%2Fcomments&post=17"}],"version-history":[{"count":67,"href":"https:\/\/sitetecnologia.payshop.com.co\/index.php?rest_route=\/wp\/v2\/pages\/17\/revisions"}],"predecessor-version":[{"id":3267,"href":"https:\/\/sitetecnologia.payshop.com.co\/index.php?rest_route=\/wp\/v2\/pages\/17\/revisions\/3267"}],"wp:attachment":[{"href":"https:\/\/sitetecnologia.payshop.com.co\/index.php?rest_route=%2Fwp%2Fv2%2Fmedia&parent=17"}],"curies":[{"name":"wp","href":"https:\/\/api.w.org\/{rel}","templated":true}]}}