{"id":2154,"date":"2024-06-21T02:40:58","date_gmt":"2024-06-21T02:40:58","guid":{"rendered":"https:\/\/sitetecnologia.payshop.com.co\/?page_id=2154"},"modified":"2024-08-12T03:14:18","modified_gmt":"2024-08-12T03:14:18","slug":"2154-2","status":"publish","type":"page","link":"https:\/\/sitetecnologia.payshop.com.co\/?page_id=2154","title":{"rendered":"Categor\u00edas"},"content":{"rendered":"<p>[et_pb_section fb_built=\u00bb1&#8243; admin_label=\u00bbMobile Design CTA\u00bb _builder_version=\u00bb4.16&#8243; background_color=\u00bb#f3f5f9&#8243; min_height=\u00bb1245.8px\u00bb custom_padding=\u00bb100px|0px|0px|0px\u00bb box_shadow_style=\u00bbpreset7&#8243; box_shadow_horizontal=\u00bb0px\u00bb box_shadow_vertical=\u00bb-40px\u00bb box_shadow_color=\u00bb#ffffff\u00bb global_colors_info=\u00bb{}\u00bb global_module=\u00bb1585&#8243; theme_builder_area=\u00bbpost_content\u00bb][et_pb_row column_structure=\u00bb1_2,1_2&#8243; admin_label=\u00bbContents\u00bb _builder_version=\u00bb4.16&#8243; custom_padding=\u00bb|0px|0px|0px\u00bb global_colors_info=\u00bb{}\u00bb theme_builder_area=\u00bbpost_content\u00bb][et_pb_column type=\u00bb1_2&#8243; _builder_version=\u00bb4.16&#8243; custom_padding=\u00bb|||\u00bb global_colors_info=\u00bb{}\u00bb custom_padding__hover=\u00bb|||\u00bb theme_builder_area=\u00bbpost_content\u00bb][et_pb_image src=\u00bbhttps:\/\/sitetecnologia.payshop.com.co\/wp-content\/uploads\/sites\/50\/2023\/03\/phone-portrait-white-1.png\u00bb align=\u00bbcenter\u00bb align_tablet=\u00bbcenter\u00bb align_phone=\u00bbcenter\u00bb align_last_edited=\u00bbon|desktop\u00bb _builder_version=\u00bb4.16&#8243; max_width_tablet=\u00bb600px\u00bb max_width_phone=\u00bb600px\u00bb max_width_last_edited=\u00bbon|desktop\u00bb animation_style=\u00bbslide\u00bb animation_direction=\u00bbleft\u00bb animation_intensity_slide=\u00bb10%\u00bb global_colors_info=\u00bb{}\u00bb theme_builder_area=\u00bbpost_content\u00bb][\/et_pb_image][\/et_pb_column][et_pb_column type=\u00bb1_2&#8243; _builder_version=\u00bb4.16&#8243; custom_padding=\u00bb80px||80px|\u00bb custom_padding_tablet=\u00bb80px||80px|\u00bb custom_padding_phone=\u00bb80px||80px|\u00bb custom_padding_last_edited=\u00bbon|tablet\u00bb global_colors_info=\u00bb{}\u00bb padding_last_edited=\u00bbon|tablet\u00bb custom_padding__hover=\u00bb|||\u00bb theme_builder_area=\u00bbpost_content\u00bb][et_pb_text admin_label=\u00bbTitle\u00bb _builder_version=\u00bb4.16&#8243; text_font=\u00bbUbuntu||||||||\u00bb header_font=\u00bb||||||||\u00bb header_2_font=\u00bbMontserrat|700|||||||\u00bb header_2_font_size=\u00bb40px\u00bb header_2_line_height=\u00bb1.4em\u00bb max_width=\u00bb500px\u00bb module_alignment=\u00bbleft\u00bb custom_margin=\u00bb|||\u00bb locked=\u00bboff\u00bb global_colors_info=\u00bb{}\u00bb theme_builder_area=\u00bbpost_content\u00bb]<\/p>\n<h2>Servicios y productos personalizados<\/h2>\n<p style=\"text-align: justify\">SITE TECNOLOG\u00cdA SAS es una empresa que se especializa en la creaci\u00f3n y adaptaci\u00f3n de servicios y productos personalizados para sus clientes. En particular, ofrece productos personalizados de tecnolog\u00eda, como computadores y partes, permitiendo a los clientes personalizar diferentes aspectos, como la capacidad de almacenamiento, el procesador, la memoria RAM, entre otros. Esta oferta se enfoca en satisfacer las necesidades y preferencias individuales de cada cliente, proporcionando una experiencia de compra personalizada y satisfactoria.<\/p>\n<p style=\"text-align: justify\">[\/et_pb_text][et_pb_button button_url=\u00bbhttps:\/\/sitetecnologia.payshop.com.co\/?page_id=17&#8243; button_text=\u00bbContactenos\u00bb button_alignment=\u00bbleft\u00bb admin_label=\u00bbButton\u00bb _builder_version=\u00bb4.16&#8243; custom_button=\u00bbon\u00bb button_text_size=\u00bb14px\u00bb button_text_color=\u00bb#000000&#8243; button_bg_color=\u00bb#FFFFFF\u00bb button_border_width=\u00bb4px\u00bb button_border_color=\u00bb#000000&#8243; button_border_radius=\u00bb24px\u00bb button_letter_spacing=\u00bb2px\u00bb button_font=\u00bbUbuntu|||on|||||\u00bb button_use_icon=\u00bboff\u00bb background_layout=\u00bbdark\u00bb custom_margin=\u00bb|||\u00bb custom_padding=\u00bb14px|28px|14px|28px\u00bb button_text_color_hover=\u00bb#ffffff\u00bb button_letter_spacing_hover=\u00bb2px\u00bb button_bg_color_hover=\u00bb#2a3443&#8243; locked=\u00bboff\u00bb global_colors_info=\u00bb{}\u00bb button_text_size__hover_enabled=\u00bboff\u00bb button_one_text_size__hover_enabled=\u00bboff\u00bb button_two_text_size__hover_enabled=\u00bboff\u00bb button_text_color__hover_enabled=\u00bbon\u00bb button_text_color__hover=\u00bb#ffffff\u00bb button_one_text_color__hover_enabled=\u00bboff\u00bb button_two_text_color__hover_enabled=\u00bboff\u00bb button_border_width__hover_enabled=\u00bboff\u00bb button_one_border_width__hover_enabled=\u00bboff\u00bb button_two_border_width__hover_enabled=\u00bboff\u00bb button_border_color__hover_enabled=\u00bboff\u00bb button_one_border_color__hover_enabled=\u00bboff\u00bb button_two_border_color__hover_enabled=\u00bboff\u00bb button_border_radius__hover_enabled=\u00bboff\u00bb button_one_border_radius__hover_enabled=\u00bboff\u00bb button_two_border_radius__hover_enabled=\u00bboff\u00bb button_letter_spacing__hover_enabled=\u00bbon\u00bb button_letter_spacing__hover=\u00bb2px\u00bb button_one_letter_spacing__hover_enabled=\u00bboff\u00bb button_two_letter_spacing__hover_enabled=\u00bboff\u00bb button_bg_color__hover_enabled=\u00bbon\u00bb button_bg_color__hover=\u00bb#2a3443&#8243; button_one_bg_color__hover_enabled=\u00bboff\u00bb button_two_bg_color__hover_enabled=\u00bboff\u00bb theme_builder_area=\u00bbpost_content\u00bb][\/et_pb_button][\/et_pb_column][\/et_pb_row][\/et_pb_section][et_pb_section fb_built=\u00bb1&#8243; custom_padding_last_edited=\u00bboff|desktop\u00bb admin_label=\u00bbFooter\u00bb _builder_version=\u00bb4.16&#8243; use_background_color_gradient=\u00bbon\u00bb background_color_gradient_direction=\u00bb140deg\u00bb background_color_gradient_stops=\u00bb#004872 0%|rgba(41,17,96,0.8) 100%\u00bb background_color_gradient_overlays_image=\u00bbon\u00bb background_color_gradient_start=\u00bb#004872&#8243; background_color_gradient_end=\u00bbrgba(41,17,96,0.8)\u00bb background_image=\u00bbhttps:\/\/sitetecnologia.payshop.com.co\/wp-content\/uploads\/sites\/50\/2023\/03\/it-services-04.jpg\u00bb min_height=\u00bb471.4px\u00bb custom_margin=\u00bb3px||1px|||\u00bb custom_padding=\u00bb8px|0px|8px|0px|true|false\u00bb custom_padding_tablet=\u00bb10vw||10vw||true\u00bb custom_padding_phone=\u00bb5vw||5vw||true\u00bb saved_tabs=\u00bball\u00bb locked=\u00bboff\u00bb global_colors_info=\u00bb{}\u00bb global_module=\u00bb618&#8243; theme_builder_area=\u00bbpost_content\u00bb][et_pb_row column_structure=\u00bb1_6,1_6,1_6,1_6,1_6,1_6&#8243; _builder_version=\u00bb4.16&#8243; width=\u00bb90%\u00bb max_width=\u00bb90%\u00bb custom_margin=\u00bb-2.3%|auto||auto|false|false\u00bb global_colors_info=\u00bb{}\u00bb theme_builder_area=\u00bbpost_content\u00bb][et_pb_column type=\u00bb1_6&#8243; _builder_version=\u00bb4.16&#8243; _module_preset=\u00bbdefault\u00bb global_colors_info=\u00bb{}\u00bb theme_builder_area=\u00bbpost_content\u00bb][et_pb_social_media_follow _builder_version=\u00bb4.16&#8243; min_height=\u00bb67px\u00bb custom_margin=\u00bb143px||||false|false\u00bb global_colors_info=\u00bb{}\u00bb theme_builder_area=\u00bbpost_content\u00bb][et_pb_social_media_follow_network social_network=\u00bbfacebook\u00bb _builder_version=\u00bb4.16&#8243; background_color=\u00bbrgba(0,0,0,0)\u00bb custom_padding=\u00bb10px|10px|10px|10px\u00bb border_radii=\u00bbon|0px|0px|0px|0px\u00bb global_colors_info=\u00bb{}\u00bb theme_builder_area=\u00bbpost_content\u00bb follow_button=\u00bboff\u00bb url_new_window=\u00bbon\u00bb]facebook[\/et_pb_social_media_follow_network][et_pb_social_media_follow_network social_network=\u00bbtwitter\u00bb _builder_version=\u00bb4.16&#8243; background_color=\u00bbrgba(0,0,0,0)\u00bb custom_padding=\u00bb10px|10px|10px|10px\u00bb border_radii=\u00bbon|0px|0px|0px|0px\u00bb global_colors_info=\u00bb{}\u00bb theme_builder_area=\u00bbpost_content\u00bb follow_button=\u00bboff\u00bb url_new_window=\u00bbon\u00bb]twitter[\/et_pb_social_media_follow_network][et_pb_social_media_follow_network social_network=\u00bbyoutube\u00bb _builder_version=\u00bb4.16&#8243; background_color=\u00bbrgba(0,0,0,0)\u00bb custom_padding=\u00bb10px|10px|10px|10px\u00bb border_radii=\u00bbon|0px|0px|0px|0px\u00bb global_colors_info=\u00bb{}\u00bb theme_builder_area=\u00bbpost_content\u00bb follow_button=\u00bboff\u00bb url_new_window=\u00bbon\u00bb]youtube[\/et_pb_social_media_follow_network][\/et_pb_social_media_follow][\/et_pb_column][et_pb_column type=\u00bb1_6&#8243; _builder_version=\u00bb4.16&#8243; custom_padding=\u00bb||||false|false\u00bb global_colors_info=\u00bb{}\u00bb custom_padding__hover=\u00bb|||\u00bb theme_builder_area=\u00bbpost_content\u00bb][\/et_pb_column][et_pb_column type=\u00bb1_6&#8243; _builder_version=\u00bb4.16&#8243; _module_preset=\u00bbdefault\u00bb global_colors_info=\u00bb{}\u00bb theme_builder_area=\u00bbpost_content\u00bb][\/et_pb_column][et_pb_column type=\u00bb1_6&#8243; _builder_version=\u00bb4.16&#8243; _module_preset=\u00bbdefault\u00bb global_colors_info=\u00bb{}\u00bb theme_builder_area=\u00bbpost_content\u00bb][et_pb_text _builder_version=\u00bb4.16&#8243; _module_preset=\u00bbdefault\u00bb text_text_color=\u00bb#FFFFFF\u00bb background_layout=\u00bbdark\u00bb custom_margin=\u00bb78px||||false|false\u00bb text_text_shadow_style=\u00bbpreset2&#8243; global_colors_info=\u00bb{}\u00bb theme_builder_area=\u00bbpost_content\u00bb]<\/p>\n<blockquote>\n<h1>Estamos preparados para brindarte ayuda<\/h1>\n<\/blockquote>\n<p>[\/et_pb_text][\/et_pb_column][et_pb_column type=\u00bb1_6&#8243; _builder_version=\u00bb4.16&#8243; _module_preset=\u00bbdefault\u00bb global_colors_info=\u00bb{}\u00bb theme_builder_area=\u00bbpost_content\u00bb][et_pb_button button_url=\u00bbhttps:\/\/sitetecnologia.payshop.com.co\/?page_id=17&#8243; button_text=\u00bbCont\u00e1ctenos\u00bb _builder_version=\u00bb4.16&#8243; _module_preset=\u00bbdefault\u00bb custom_button=\u00bbon\u00bb button_text_color=\u00bb#FFFFFF\u00bb button_bg_color=\u00bbRGBA(255,255,255,0)\u00bb button_border_color=\u00bb#FFFFFF\u00bb button_border_radius=\u00bb31px\u00bb button_icon_color=\u00bb#FFFFFF\u00bb custom_margin=\u00bb310px|||94px|false|false\u00bb global_colors_info=\u00bb{}\u00bb theme_builder_area=\u00bbpost_content\u00bb][\/et_pb_button][\/et_pb_column][et_pb_column type=\u00bb1_6&#8243; _builder_version=\u00bb4.16&#8243; custom_padding=\u00bb|||\u00bb global_colors_info=\u00bb{}\u00bb custom_padding__hover=\u00bb|||\u00bb theme_builder_area=\u00bbpost_content\u00bb][\/et_pb_column][\/et_pb_row][\/et_pb_section]<\/p>\n","protected":false},"excerpt":{"rendered":"<p>Servicios y productos personalizados SITE TECNOLOG\u00cdA SAS es una empresa que se especializa en la creaci\u00f3n y adaptaci\u00f3n de servicios y productos personalizados para sus clientes. En particular, ofrece productos personalizados de tecnolog\u00eda, como computadores y partes, permitiendo a los clientes personalizar diferentes aspectos, como la capacidad de almacenamiento, el procesador, la memoria RAM, entre [&hellip;]<\/p>\n","protected":false},"author":86,"featured_media":0,"parent":0,"menu_order":1,"comment_status":"closed","ping_status":"closed","template":"","meta":{"_et_pb_use_builder":"on","_et_pb_old_content":"","_et_gb_content_width":"","content-type":"","_monsterinsights_skip_tracking":false,"_monsterinsights_sitenote_active":false,"_monsterinsights_sitenote_note":"","_monsterinsights_sitenote_category":0,"_joinchat":[],"footnotes":""},"class_list":["post-2154","page","type-page","status-publish","hentry"],"yoast_head":"<!-- This site is optimized with the Yoast SEO plugin v27.0 - https:\/\/yoast.com\/product\/yoast-seo-wordpress\/ -->\n<title>Categor\u00edas - SITE TECNOLOGIA<\/title>\n<meta name=\"robots\" content=\"index, follow, max-snippet:-1, max-image-preview:large, max-video-preview:-1\" \/>\n<link rel=\"canonical\" href=\"https:\/\/sitetecnologia.payshop.com.co\/?page_id=2154\" \/>\n<meta property=\"og:locale\" content=\"es_ES\" \/>\n<meta property=\"og:type\" content=\"article\" \/>\n<meta property=\"og:title\" content=\"Categor\u00edas - SITE TECNOLOGIA\" \/>\n<meta property=\"og:description\" content=\"Servicios y productos personalizados SITE TECNOLOG\u00cdA SAS es una empresa que se especializa en la creaci\u00f3n y adaptaci\u00f3n de servicios y productos personalizados para sus clientes. En particular, ofrece productos personalizados de tecnolog\u00eda, como computadores y partes, permitiendo a los clientes personalizar diferentes aspectos, como la capacidad de almacenamiento, el procesador, la memoria RAM, entre [&hellip;]\" \/>\n<meta property=\"og:url\" content=\"https:\/\/sitetecnologia.payshop.com.co\/?page_id=2154\" \/>\n<meta property=\"og:site_name\" content=\"SITE TECNOLOGIA\" \/>\n<meta property=\"article:modified_time\" content=\"2024-08-12T03:14:18+00:00\" \/>\n<meta name=\"twitter:card\" content=\"summary_large_image\" \/>\n<meta name=\"twitter:label1\" content=\"Tiempo de lectura\" \/>\n\t<meta name=\"twitter:data1\" content=\"6 minutos\" \/>\n<script type=\"application\/ld+json\" class=\"yoast-schema-graph\">{\"@context\":\"https:\/\/schema.org\",\"@graph\":[{\"@type\":\"WebPage\",\"@id\":\"https:\/\/sitetecnologia.payshop.com.co\/?page_id=2154\",\"url\":\"https:\/\/sitetecnologia.payshop.com.co\/?page_id=2154\",\"name\":\"Categor\u00edas - SITE TECNOLOGIA\",\"isPartOf\":{\"@id\":\"https:\/\/sitetecnologia.payshop.com.co\/#website\"},\"datePublished\":\"2024-06-21T02:40:58+00:00\",\"dateModified\":\"2024-08-12T03:14:18+00:00\",\"breadcrumb\":{\"@id\":\"https:\/\/sitetecnologia.payshop.com.co\/?page_id=2154#breadcrumb\"},\"inLanguage\":\"es\",\"potentialAction\":[{\"@type\":\"ReadAction\",\"target\":[\"https:\/\/sitetecnologia.payshop.com.co\/?page_id=2154\"]}]},{\"@type\":\"BreadcrumbList\",\"@id\":\"https:\/\/sitetecnologia.payshop.com.co\/?page_id=2154#breadcrumb\",\"itemListElement\":[{\"@type\":\"ListItem\",\"position\":1,\"name\":\"Portada\",\"item\":\"https:\/\/sitetecnologia.payshop.com.co\/\"},{\"@type\":\"ListItem\",\"position\":2,\"name\":\"Categor\u00edas\"}]},{\"@type\":\"WebSite\",\"@id\":\"https:\/\/sitetecnologia.payshop.com.co\/#website\",\"url\":\"https:\/\/sitetecnologia.payshop.com.co\/\",\"name\":\"SITE TECNOLOGIA\",\"description\":\"Tienda de tecnologia\",\"potentialAction\":[{\"@type\":\"SearchAction\",\"target\":{\"@type\":\"EntryPoint\",\"urlTemplate\":\"https:\/\/sitetecnologia.payshop.com.co\/?s={search_term_string}\"},\"query-input\":{\"@type\":\"PropertyValueSpecification\",\"valueRequired\":true,\"valueName\":\"search_term_string\"}}],\"inLanguage\":\"es\"}]}<\/script>\n<!-- \/ Yoast SEO plugin. -->","yoast_head_json":{"title":"Categor\u00edas - SITE TECNOLOGIA","robots":{"index":"index","follow":"follow","max-snippet":"max-snippet:-1","max-image-preview":"max-image-preview:large","max-video-preview":"max-video-preview:-1"},"canonical":"https:\/\/sitetecnologia.payshop.com.co\/?page_id=2154","og_locale":"es_ES","og_type":"article","og_title":"Categor\u00edas - SITE TECNOLOGIA","og_description":"Servicios y productos personalizados SITE TECNOLOG\u00cdA SAS es una empresa que se especializa en la creaci\u00f3n y adaptaci\u00f3n de servicios y productos personalizados para sus clientes. En particular, ofrece productos personalizados de tecnolog\u00eda, como computadores y partes, permitiendo a los clientes personalizar diferentes aspectos, como la capacidad de almacenamiento, el procesador, la memoria RAM, entre [&hellip;]","og_url":"https:\/\/sitetecnologia.payshop.com.co\/?page_id=2154","og_site_name":"SITE TECNOLOGIA","article_modified_time":"2024-08-12T03:14:18+00:00","twitter_card":"summary_large_image","twitter_misc":{"Tiempo de lectura":"6 minutos"},"schema":{"@context":"https:\/\/schema.org","@graph":[{"@type":"WebPage","@id":"https:\/\/sitetecnologia.payshop.com.co\/?page_id=2154","url":"https:\/\/sitetecnologia.payshop.com.co\/?page_id=2154","name":"Categor\u00edas - SITE TECNOLOGIA","isPartOf":{"@id":"https:\/\/sitetecnologia.payshop.com.co\/#website"},"datePublished":"2024-06-21T02:40:58+00:00","dateModified":"2024-08-12T03:14:18+00:00","breadcrumb":{"@id":"https:\/\/sitetecnologia.payshop.com.co\/?page_id=2154#breadcrumb"},"inLanguage":"es","potentialAction":[{"@type":"ReadAction","target":["https:\/\/sitetecnologia.payshop.com.co\/?page_id=2154"]}]},{"@type":"BreadcrumbList","@id":"https:\/\/sitetecnologia.payshop.com.co\/?page_id=2154#breadcrumb","itemListElement":[{"@type":"ListItem","position":1,"name":"Portada","item":"https:\/\/sitetecnologia.payshop.com.co\/"},{"@type":"ListItem","position":2,"name":"Categor\u00edas"}]},{"@type":"WebSite","@id":"https:\/\/sitetecnologia.payshop.com.co\/#website","url":"https:\/\/sitetecnologia.payshop.com.co\/","name":"SITE TECNOLOGIA","description":"Tienda de tecnologia","potentialAction":[{"@type":"SearchAction","target":{"@type":"EntryPoint","urlTemplate":"https:\/\/sitetecnologia.payshop.com.co\/?s={search_term_string}"},"query-input":{"@type":"PropertyValueSpecification","valueRequired":true,"valueName":"search_term_string"}}],"inLanguage":"es"}]}},"_links":{"self":[{"href":"https:\/\/sitetecnologia.payshop.com.co\/index.php?rest_route=\/wp\/v2\/pages\/2154","targetHints":{"allow":["GET"]}}],"collection":[{"href":"https:\/\/sitetecnologia.payshop.com.co\/index.php?rest_route=\/wp\/v2\/pages"}],"about":[{"href":"https:\/\/sitetecnologia.payshop.com.co\/index.php?rest_route=\/wp\/v2\/types\/page"}],"author":[{"embeddable":true,"href":"https:\/\/sitetecnologia.payshop.com.co\/index.php?rest_route=\/wp\/v2\/users\/86"}],"replies":[{"embeddable":true,"href":"https:\/\/sitetecnologia.payshop.com.co\/index.php?rest_route=%2Fwp%2Fv2%2Fcomments&post=2154"}],"version-history":[{"count":5,"href":"https:\/\/sitetecnologia.payshop.com.co\/index.php?rest_route=\/wp\/v2\/pages\/2154\/revisions"}],"predecessor-version":[{"id":2514,"href":"https:\/\/sitetecnologia.payshop.com.co\/index.php?rest_route=\/wp\/v2\/pages\/2154\/revisions\/2514"}],"wp:attachment":[{"href":"https:\/\/sitetecnologia.payshop.com.co\/index.php?rest_route=%2Fwp%2Fv2%2Fmedia&parent=2154"}],"curies":[{"name":"wp","href":"https:\/\/api.w.org\/{rel}","templated":true}]}}